{"id":2533,"date":"2025-01-04T18:00:53","date_gmt":"2025-01-04T17:00:53","guid":{"rendered":"https:\/\/demo.almacode.it\/palazzobrando\/verlaengerte-aufenthalte\/"},"modified":"2025-04-10T16:09:45","modified_gmt":"2025-04-10T14:09:45","slug":"verlaengerte-aufenthalte","status":"publish","type":"page","link":"https:\/\/www.palazzobrando.it\/de\/verlaengerte-aufenthalte\/","title":{"rendered":"Verl\u00e4ngerte Aufenthalte"},"content":{"rendered":"\t\t<div data-elementor-type=\"wp-page\" data-elementor-id=\"2533\" class=\"elementor elementor-2533 elementor-607\" data-elementor-post-type=\"page\">\n\t\t\t\t<div class=\"elementor-element elementor-element-9434409 e-flex e-con-boxed e-con e-parent\" data-id=\"9434409\" data-element_type=\"container\">\n\t\t\t\t\t<div class=\"e-con-inner\">\n\t\t<div class=\"elementor-element elementor-element-2081b77 e-con-full e-flex e-con e-child\" data-id=\"2081b77\" data-element_type=\"container\">\n\t\t\t\t<div class=\"elementor-element elementor-element-420c5de elementor-widget__width-initial elementor-widget elementor-widget-heading\" data-id=\"420c5de\" data-element_type=\"widget\" data-widget_type=\"heading.default\">\n\t\t\t\t\t<h1 class=\"elementor-heading-title elementor-size-default\">Der Komfort eines Zuhauses,<br>die Qualit\u00e4t einer Residenz<\/h1>\t\t\t\t<\/div>\n\t\t\t\t<div class=\"elementor-element elementor-element-982943f elementor-widget-mobile__width-initial elementor-widget elementor-widget-heading\" data-id=\"982943f\" data-element_type=\"widget\" data-widget_type=\"heading.default\">\n\t\t\t\t\t<h3 class=\"elementor-heading-title elementor-size-default\">Verl\u00e4ngerte Aufenthalte in Treviso<\/h3>\t\t\t\t<\/div>\n\t\t\t\t<\/div>\n\t\t\t\t\t<\/div>\n\t\t\t\t<\/div>\n\t\t<div class=\"elementor-element elementor-element-5a337e4 e-con-full e-flex e-con e-parent\" data-id=\"5a337e4\" data-element_type=\"container\">\n\t\t<div class=\"elementor-element elementor-element-0c61ec4 e-con-full e-flex e-con e-child\" data-id=\"0c61ec4\" data-element_type=\"container\">\n\t\t\t\t<div class=\"elementor-element elementor-element-058ca29 elementor-widget__width-inherit elementor-invisible elementor-widget elementor-widget-image\" data-id=\"058ca29\" data-element_type=\"widget\" data-settings=\"{&quot;_animation&quot;:&quot;slideInUp&quot;,&quot;_animation_delay&quot;:250}\" data-widget_type=\"image.default\">\n\t\t\t\t\t\t\t\t\t\t\t\t\t\t\t<img fetchpriority=\"high\" decoding=\"async\" width=\"800\" height=\"480\" src=\"https:\/\/www.palazzobrando.it\/wp-content\/uploads\/2025\/01\/Palazzo_Brando-Il_comfort_di_casa-1-1024x614.jpg\" class=\"attachment-large size-large wp-image-1610\" alt=\"\" srcset=\"https:\/\/www.palazzobrando.it\/wp-content\/uploads\/2025\/01\/Palazzo_Brando-Il_comfort_di_casa-1-1024x614.jpg 1024w, https:\/\/www.palazzobrando.it\/wp-content\/uploads\/2025\/01\/Palazzo_Brando-Il_comfort_di_casa-1-300x180.jpg 300w, https:\/\/www.palazzobrando.it\/wp-content\/uploads\/2025\/01\/Palazzo_Brando-Il_comfort_di_casa-1-768x460.jpg 768w, https:\/\/www.palazzobrando.it\/wp-content\/uploads\/2025\/01\/Palazzo_Brando-Il_comfort_di_casa-1.jpg 1196w\" sizes=\"(max-width: 800px) 100vw, 800px\" \/>\t\t\t\t\t\t\t\t\t\t\t\t\t\t\t<\/div>\n\t\t\t\t<div class=\"elementor-element elementor-element-160dd55 elementor-widget__width-inherit elementor-invisible elementor-widget elementor-widget-image\" data-id=\"160dd55\" data-element_type=\"widget\" data-settings=\"{&quot;_animation&quot;:&quot;slideInUp&quot;}\" data-widget_type=\"image.default\">\n\t\t\t\t\t\t\t\t\t\t\t\t\t\t\t<img decoding=\"async\" width=\"800\" height=\"480\" src=\"https:\/\/www.palazzobrando.it\/wp-content\/uploads\/2025\/01\/Palazzo_Brando-Il_comfort_di_casa-2-1024x614.jpg\" class=\"attachment-large size-large wp-image-1611\" alt=\"\" srcset=\"https:\/\/www.palazzobrando.it\/wp-content\/uploads\/2025\/01\/Palazzo_Brando-Il_comfort_di_casa-2-1024x614.jpg 1024w, https:\/\/www.palazzobrando.it\/wp-content\/uploads\/2025\/01\/Palazzo_Brando-Il_comfort_di_casa-2-300x180.jpg 300w, https:\/\/www.palazzobrando.it\/wp-content\/uploads\/2025\/01\/Palazzo_Brando-Il_comfort_di_casa-2-768x460.jpg 768w, https:\/\/www.palazzobrando.it\/wp-content\/uploads\/2025\/01\/Palazzo_Brando-Il_comfort_di_casa-2.jpg 1196w\" sizes=\"(max-width: 800px) 100vw, 800px\" \/>\t\t\t\t\t\t\t\t\t\t\t\t\t\t\t<\/div>\n\t\t\t\t<div class=\"elementor-element elementor-element-61f4d2f elementor-widget__width-inherit elementor-invisible elementor-widget elementor-widget-image\" data-id=\"61f4d2f\" data-element_type=\"widget\" data-settings=\"{&quot;_animation&quot;:&quot;slideInUp&quot;,&quot;_animation_delay&quot;:500}\" data-widget_type=\"image.default\">\n\t\t\t\t\t\t\t\t\t\t\t\t\t\t\t<img decoding=\"async\" width=\"800\" height=\"480\" src=\"https:\/\/www.palazzobrando.it\/wp-content\/uploads\/2025\/01\/Palazzo_Brando-Il_comfort_di_casa-3-1024x614.jpg\" class=\"attachment-large size-large wp-image-1612\" alt=\"\" srcset=\"https:\/\/www.palazzobrando.it\/wp-content\/uploads\/2025\/01\/Palazzo_Brando-Il_comfort_di_casa-3-1024x614.jpg 1024w, https:\/\/www.palazzobrando.it\/wp-content\/uploads\/2025\/01\/Palazzo_Brando-Il_comfort_di_casa-3-300x180.jpg 300w, https:\/\/www.palazzobrando.it\/wp-content\/uploads\/2025\/01\/Palazzo_Brando-Il_comfort_di_casa-3-768x460.jpg 768w, https:\/\/www.palazzobrando.it\/wp-content\/uploads\/2025\/01\/Palazzo_Brando-Il_comfort_di_casa-3.jpg 1196w\" sizes=\"(max-width: 800px) 100vw, 800px\" \/>\t\t\t\t\t\t\t\t\t\t\t\t\t\t\t<\/div>\n\t\t\t\t<\/div>\n\t\t\t\t<\/div>\n\t\t<div class=\"elementor-element elementor-element-b09004b e-flex e-con-boxed e-con e-parent\" data-id=\"b09004b\" data-element_type=\"container\">\n\t\t\t\t\t<div class=\"e-con-inner\">\n\t\t\t\t<div class=\"elementor-element elementor-element-c972f9c custom-bt bigger-bt elementor-widget-mobile__width-initial elementor-widget elementor-widget-button\" data-id=\"c972f9c\" data-element_type=\"widget\" data-widget_type=\"button.default\">\n\t\t\t\t\t\t\t\t\t\t<a class=\"elementor-button elementor-button-link elementor-size-sm\" href=\"#form-section\">\n\t\t\t\t\t\t<span class=\"elementor-button-content-wrapper\">\n\t\t\t\t\t\t\t\t\t<span class=\"elementor-button-text\">Ein individuelles Angebot anfordern<\/span>\n\t\t\t\t\t<\/span>\n\t\t\t\t\t<\/a>\n\t\t\t\t\t\t\t\t<\/div>\n\t\t\t\t\t<\/div>\n\t\t\t\t<\/div>\n\t\t<div class=\"elementor-element elementor-element-294f5cf e-flex e-con-boxed e-con e-parent\" data-id=\"294f5cf\" data-element_type=\"container\">\n\t\t\t\t\t<div class=\"e-con-inner\">\n\t\t\t\t<div class=\"elementor-element elementor-element-ff4ea2c elementor-widget__width-initial elementor-widget elementor-widget-text-editor\" data-id=\"ff4ea2c\" data-element_type=\"widget\" data-widget_type=\"text-editor.default\">\n\t\t\t\t\t\t\t\t\t<p>Ganz gleich, ob Sie zum Arbeiten, Studieren oder f\u00fcr eine lange Freizeitreise in Treviso sind, Palazzo Brando bietet Ihnen die ideale L\u00f6sung f\u00fcr kurze oder lange Aufenthalte, indem es die Zweckm\u00e4\u00dfigkeit einer Wohnung mit allen Dienstleistungen einer gehobenen Residenz verbindet.<\/p>\t\t\t\t\t\t\t\t<\/div>\n\t\t\t\t\t<\/div>\n\t\t\t\t<\/div>\n\t\t<div class=\"elementor-element elementor-element-ef9301e e-flex e-con-boxed e-con e-parent\" data-id=\"ef9301e\" data-element_type=\"container\" data-settings=\"{&quot;background_background&quot;:&quot;classic&quot;,&quot;background_motion_fx_motion_fx_scrolling&quot;:&quot;yes&quot;,&quot;background_motion_fx_translateY_effect&quot;:&quot;yes&quot;,&quot;background_motion_fx_translateY_speed&quot;:{&quot;unit&quot;:&quot;px&quot;,&quot;size&quot;:6,&quot;sizes&quot;:[]},&quot;background_motion_fx_translateY_direction&quot;:&quot;negative&quot;,&quot;background_motion_fx_translateY_affectedRange&quot;:{&quot;unit&quot;:&quot;%&quot;,&quot;size&quot;:&quot;&quot;,&quot;sizes&quot;:{&quot;start&quot;:0,&quot;end&quot;:100}},&quot;background_motion_fx_devices&quot;:[&quot;desktop&quot;,&quot;laptop&quot;,&quot;tablet_extra&quot;,&quot;tablet&quot;,&quot;mobile_extra&quot;,&quot;mobile&quot;]}\">\n\t\t\t\t\t<div class=\"e-con-inner\">\n\t\t<div class=\"elementor-element elementor-element-c9f7a87 e-con-full e-flex e-con e-child\" data-id=\"c9f7a87\" data-element_type=\"container\">\n\t\t\t\t<div class=\"elementor-element elementor-element-889c38c elementor-widget__width-inherit elementor-widget elementor-widget-heading\" data-id=\"889c38c\" data-element_type=\"widget\" data-widget_type=\"heading.default\">\n\t\t\t\t\t<h2 class=\"elementor-heading-title elementor-size-default\">F\u00fchlen Sie sich wie zu Hause,<br>im Herzen von Treviso<\/h2>\t\t\t\t<\/div>\n\t\t\t\t<div class=\"elementor-element elementor-element-85fb0a3 elementor-widget__width-inherit elementor-widget elementor-widget-text-editor\" data-id=\"85fb0a3\" data-element_type=\"widget\" data-widget_type=\"text-editor.default\">\n\t\t\t\t\t\t\t\t\t<p>Die Wohnungen der Residenz Palazzo Brando sind auf die Bed\u00fcrfnisse derjenigen zugeschnitten, die aus beruflichen, privaten oder touristischen Gr\u00fcnden f\u00fcr l\u00e4ngere Zeit in Treviso bleiben m\u00fcssen. Die Wohnungen sind ideal f\u00fcr Umz\u00fcge oder Renovierungen und bieten gem\u00fctliche R\u00e4ume, die mit jeglichem Komfort ausgestattet sind, um einen entspannenden und funktionellen Aufenthalt zu garantieren.<br>Kontaktieren Sie uns, um einen pers\u00f6nlichen Kostenvoranschlag f\u00fcr Langzeitaufenthalte zu erhalten! <\/p>\t\t\t\t\t\t\t\t<\/div>\n\t\t\t\t<\/div>\n\t\t\t\t\t<\/div>\n\t\t\t\t<\/div>\n\t\t<div class=\"elementor-element elementor-element-5ec9fba e-flex e-con-boxed e-con e-parent\" data-id=\"5ec9fba\" data-element_type=\"container\" id=\"form-section\" data-settings=\"{&quot;background_background&quot;:&quot;classic&quot;}\">\n\t\t\t\t\t<div class=\"e-con-inner\">\n\t\t<div class=\"elementor-element elementor-element-5f381b0 e-con-full e-flex e-con e-child\" data-id=\"5f381b0\" data-element_type=\"container\">\n\t\t\t\t<div class=\"elementor-element elementor-element-9e64a02 elementor-widget__width-initial elementor-widget elementor-widget-heading\" data-id=\"9e64a02\" data-element_type=\"widget\" data-widget_type=\"heading.default\">\n\t\t\t\t\t<h2 class=\"elementor-heading-title elementor-size-default\">Kontaktieren Sie uns jetzt<\/h2>\t\t\t\t<\/div>\n\t\t\t\t<div class=\"elementor-element elementor-element-13fb6f1 elementor-widget elementor-widget-text-editor\" data-id=\"13fb6f1\" data-element_type=\"widget\" data-widget_type=\"text-editor.default\">\n\t\t\t\t\t\t\t\t\t<p>M\u00f6chten Sie mehr \u00fcber unsere Long-Stay-Wohnungen erfahren oder ein individuelles Angebot erhalten? Kontaktieren Sie uns, wir stehen Ihnen gerne zur Verf\u00fcgung, um die perfekte Erfahrung f\u00fcr Ihren Langzeitaufenthalt in Treviso zusammenzustellen. <\/p>\t\t\t\t\t\t\t\t<\/div>\n\t\t\t\t<\/div>\n\t\t\t\t<div class=\"elementor-element elementor-element-df7cb58 elementor-widget__width-inherit elementor-button-align-stretch elementor-widget elementor-widget-global elementor-global-2145 elementor-global-1735 elementor-widget-form\" data-id=\"df7cb58\" data-element_type=\"widget\" data-settings=\"{&quot;step_next_label&quot;:&quot;N\\u00e4chste&quot;,&quot;step_previous_label&quot;:&quot;Vorherige&quot;,&quot;button_width&quot;:&quot;100&quot;,&quot;step_type&quot;:&quot;number_text&quot;,&quot;step_icon_shape&quot;:&quot;circle&quot;}\" data-widget_type=\"form.default\">\n\t\t\t\t\t\t\t<form class=\"elementor-form\" method=\"post\" name=\"Neues Modul\">\n\t\t\t<input type=\"hidden\" name=\"post_id\" value=\"2533\"\/>\n\t\t\t<input type=\"hidden\" name=\"form_id\" value=\"df7cb58\"\/>\n\t\t\t<input type=\"hidden\" name=\"referer_title\" value=\"\" \/>\n\n\t\t\t\n\t\t\t<div class=\"elementor-form-fields-wrapper elementor-labels-above\">\n\t\t\t\t\t\t\t\t<div class=\"elementor-field-type-text elementor-field-group elementor-column elementor-field-group-name elementor-col-50\">\n\t\t\t\t\t\t\t\t\t\t\t\t<label for=\"form-field-name\" class=\"elementor-field-label\">\n\t\t\t\t\t\t\t\tName\t\t\t\t\t\t\t<\/label>\n\t\t\t\t\t\t\t\t\t\t\t\t\t\t<input size=\"1\" type=\"text\" name=\"form_fields[name]\" id=\"form-field-name\" class=\"elementor-field elementor-size-sm  elementor-field-textual\">\n\t\t\t\t\t\t\t\t\t\t\t<\/div>\n\t\t\t\t\t\t\t\t<div class=\"elementor-field-type-text elementor-field-group elementor-column elementor-field-group-field_33b12a9 elementor-col-50\">\n\t\t\t\t\t\t\t\t\t\t\t\t<label for=\"form-field-field_33b12a9\" class=\"elementor-field-label\">\n\t\t\t\t\t\t\t\tNachname\t\t\t\t\t\t\t<\/label>\n\t\t\t\t\t\t\t\t\t\t\t\t\t\t<input size=\"1\" type=\"text\" name=\"form_fields[field_33b12a9]\" id=\"form-field-field_33b12a9\" class=\"elementor-field elementor-size-sm  elementor-field-textual\">\n\t\t\t\t\t\t\t\t\t\t\t<\/div>\n\t\t\t\t\t\t\t\t<div class=\"elementor-field-type-email elementor-field-group elementor-column elementor-field-group-email elementor-col-50 elementor-field-required elementor-mark-required\">\n\t\t\t\t\t\t\t\t\t\t\t\t<label for=\"form-field-email\" class=\"elementor-field-label\">\n\t\t\t\t\t\t\t\tE-Mail\t\t\t\t\t\t\t<\/label>\n\t\t\t\t\t\t\t\t\t\t\t\t\t\t<input size=\"1\" type=\"email\" name=\"form_fields[email]\" id=\"form-field-email\" class=\"elementor-field elementor-size-sm  elementor-field-textual\" required=\"required\">\n\t\t\t\t\t\t\t\t\t\t\t<\/div>\n\t\t\t\t\t\t\t\t<div class=\"elementor-field-type-tel elementor-field-group elementor-column elementor-field-group-field_6834c7a elementor-col-50 elementor-field-required elementor-mark-required\">\n\t\t\t\t\t\t\t\t\t\t\t\t<label for=\"form-field-field_6834c7a\" class=\"elementor-field-label\">\n\t\t\t\t\t\t\t\tTelefon\t\t\t\t\t\t\t<\/label>\n\t\t\t\t\t\t\t\t<input size=\"1\" type=\"tel\" name=\"form_fields[field_6834c7a]\" id=\"form-field-field_6834c7a\" class=\"elementor-field elementor-size-sm  elementor-field-textual\" required=\"required\" pattern=\"[0-9()#&amp;+*-=.]+\" title=\"Nur Nummern oder Telefon-Zeichen (#, -, *, etc) werden akzeptiert.\">\n\n\t\t\t\t\t\t<\/div>\n\t\t\t\t\t\t\t\t<div class=\"elementor-field-type-textarea elementor-field-group elementor-column elementor-field-group-message elementor-col-100 elementor-field-required elementor-mark-required\">\n\t\t\t\t\t\t\t\t\t\t\t\t<label for=\"form-field-message\" class=\"elementor-field-label\">\n\t\t\t\t\t\t\t\tNachricht\t\t\t\t\t\t\t<\/label>\n\t\t\t\t\t\t<textarea class=\"elementor-field-textual elementor-field  elementor-size-sm\" name=\"form_fields[message]\" id=\"form-field-message\" rows=\"4\" required=\"required\"><\/textarea>\t\t\t\t<\/div>\n\t\t\t\t\t\t\t\t<div class=\"elementor-field-type-acceptance elementor-field-group elementor-column elementor-field-group-field_62ab087 elementor-col-100 elementor-field-required elementor-mark-required\">\n\t\t\t\t\t\t\t<div class=\"elementor-field-subgroup\">\n\t\t\t<span class=\"elementor-field-option\">\n\t\t\t\t<input type=\"checkbox\" name=\"form_fields[field_62ab087]\" id=\"form-field-field_62ab087\" class=\"elementor-field elementor-size-sm  elementor-acceptance-field\" required=\"required\">\n\t\t\t\t<label for=\"form-field-field_62ab087\">Ich bin damit einverstanden, dass meine pers\u00f6nlichen Daten in \u00dcbereinstimmung mit der geltenden Gesetzgebung verarbeitet werden, um Informationen \u00fcber die gew\u00fcnschten Dienstleistungen zu erhalten.<\/label>\t\t\t<\/span>\n\t\t<\/div>\n\t\t\t\t\t\t<\/div>\n\t\t\t\t\t\t\t\t<div class=\"elementor-field-group elementor-column elementor-field-type-submit elementor-col-100 e-form__buttons\">\n\t\t\t\t\t<button class=\"elementor-button elementor-size-sm\" type=\"submit\">\n\t\t\t\t\t\t<span class=\"elementor-button-content-wrapper\">\n\t\t\t\t\t\t\t\t\t\t\t\t\t\t\t\t\t\t\t\t\t\t<span class=\"elementor-button-text\">Senden Sie<\/span>\n\t\t\t\t\t\t\t\t\t\t\t\t\t<\/span>\n\t\t\t\t\t<\/button>\n\t\t\t\t<\/div>\n\t\t\t<\/div>\n\t\t<\/form>\n\t\t\t\t\t\t<\/div>\n\t\t\t\t\t<\/div>\n\t\t\t\t<\/div>\n\t\t\t\t<\/div>\n\t\t","protected":false},"excerpt":{"rendered":"<p>Der Komfort eines Zuhauses,die Qualit\u00e4t einer Residenz Verl\u00e4ngerte Aufenthalte in Treviso Ein individuelles Angebot anfordern Ganz gleich, ob Sie zum Arbeiten, Studieren oder f\u00fcr eine lange Freizeitreise in Treviso sind, Palazzo Brando bietet Ihnen die ideale L\u00f6sung f\u00fcr kurze oder lange Aufenthalte, indem es die Zweckm\u00e4\u00dfigkeit einer Wohnung mit allen Dienstleistungen einer gehobenen Residenz verbindet. [&hellip;]<\/p>\n","protected":false},"author":2,"featured_media":0,"parent":0,"menu_order":0,"comment_status":"closed","ping_status":"closed","template":"","meta":{"_acf_changed":false,"footnotes":""},"class_list":["post-2533","page","type-page","status-publish","hentry"],"acf":[],"_links":{"self":[{"href":"https:\/\/www.palazzobrando.it\/de\/wp-json\/wp\/v2\/pages\/2533","targetHints":{"allow":["GET"]}}],"collection":[{"href":"https:\/\/www.palazzobrando.it\/de\/wp-json\/wp\/v2\/pages"}],"about":[{"href":"https:\/\/www.palazzobrando.it\/de\/wp-json\/wp\/v2\/types\/page"}],"author":[{"embeddable":true,"href":"https:\/\/www.palazzobrando.it\/de\/wp-json\/wp\/v2\/users\/2"}],"replies":[{"embeddable":true,"href":"https:\/\/www.palazzobrando.it\/de\/wp-json\/wp\/v2\/comments?post=2533"}],"version-history":[{"count":2,"href":"https:\/\/www.palazzobrando.it\/de\/wp-json\/wp\/v2\/pages\/2533\/revisions"}],"predecessor-version":[{"id":2626,"href":"https:\/\/www.palazzobrando.it\/de\/wp-json\/wp\/v2\/pages\/2533\/revisions\/2626"}],"wp:attachment":[{"href":"https:\/\/www.palazzobrando.it\/de\/wp-json\/wp\/v2\/media?parent=2533"}],"curies":[{"name":"wp","href":"https:\/\/api.w.org\/{rel}","templated":true}]}}