{"id":2525,"date":"2025-01-04T10:25:04","date_gmt":"2025-01-04T09:25:04","guid":{"rendered":"https:\/\/demo.almacode.it\/palazzobrando\/wie-man-dorthin-kommt\/"},"modified":"2025-04-14T18:27:27","modified_gmt":"2025-04-14T16:27:27","slug":"wie-man-dorthin-kommt","status":"publish","type":"page","link":"https:\/\/www.palazzobrando.it\/de\/wie-man-dorthin-kommt\/","title":{"rendered":"Wie man dorthin kommt"},"content":{"rendered":"\t\t<div data-elementor-type=\"wp-page\" data-elementor-id=\"2525\" class=\"elementor elementor-2525 elementor-381\" data-elementor-post-type=\"page\">\n\t\t\t\t<div class=\"elementor-element elementor-element-04ca895 e-flex e-con-boxed e-con e-child\" data-id=\"04ca895\" data-element_type=\"container\">\n\t\t\t\t\t<div class=\"e-con-inner\">\n\t\t\t\t<div class=\"elementor-element elementor-element-46b7ffb elementor-widget__width-initial elementor-widget elementor-widget-heading\" data-id=\"46b7ffb\" data-element_type=\"widget\" data-widget_type=\"heading.default\">\n\t\t\t\t\t<h1 class=\"elementor-heading-title elementor-size-default\">Sie erreichen den Palazzo Brando,\nIhre Residenz im Herzen von Treviso<\/h1>\t\t\t\t<\/div>\n\t\t\t\t<div class=\"elementor-element elementor-element-2abbced elementor-widget-mobile__width-initial elementor-widget elementor-widget-heading\" data-id=\"2abbced\" data-element_type=\"widget\" data-widget_type=\"heading.default\">\n\t\t\t\t\t<h2 class=\"elementor-heading-title elementor-size-default\">Treviso und Venetien, ein Gebiet zum Entdecken<\/h2>\t\t\t\t<\/div>\n\t\t\t\t\t<\/div>\n\t\t\t\t<\/div>\n\t\t<div class=\"elementor-element elementor-element-92bfef9 e-flex e-con-boxed e-con e-parent\" data-id=\"92bfef9\" data-element_type=\"container\">\n\t\t\t\t\t<div class=\"e-con-inner\">\n\t\t<div class=\"elementor-element elementor-element-5f21e99 e-con-full e-flex e-con e-child\" data-id=\"5f21e99\" data-element_type=\"container\">\n\t\t\t\t<div class=\"elementor-element elementor-element-08ffe8c elementor-widget__width-initial elementor-widget elementor-widget-image\" data-id=\"08ffe8c\" data-element_type=\"widget\" data-widget_type=\"image.default\">\n\t\t\t\t\t\t\t\t\t\t\t\t\t\t\t<img fetchpriority=\"high\" decoding=\"async\" width=\"509\" height=\"472\" src=\"https:\/\/www.palazzobrando.it\/wp-content\/uploads\/2025\/01\/Palazzo_Brando-dove_siamo.svg\" class=\"attachment-large size-large wp-image-387\" alt=\"\" \/>\t\t\t\t\t\t\t\t\t\t\t\t\t\t\t<\/div>\n\t\t\t\t<\/div>\n\t\t\t\t<div class=\"elementor-element elementor-element-2822cd0 elementor-widget__width-inherit elementor-widget elementor-widget-text-editor\" data-id=\"2822cd0\" data-element_type=\"widget\" data-widget_type=\"text-editor.default\">\n\t\t\t\t\t\t\t\t\t<p>Der Palazzo Brando befindet sich in einer strategischen Lage, nur wenige Schritte vom Zentrum von Treviso entfernt und ist mit verschiedenen Verkehrsmitteln leicht zu erreichen. Hier finden Sie die detaillierte Wegbeschreibung, um uns schnell und einfach zu erreichen. <\/p>\t\t\t\t\t\t\t\t<\/div>\n\t\t\t\t\t<\/div>\n\t\t\t\t<\/div>\n\t\t<div class=\"elementor-element elementor-element-0995c43 e-con-full e-flex e-con e-parent\" data-id=\"0995c43\" data-element_type=\"container\" data-settings=\"{&quot;background_background&quot;:&quot;classic&quot;}\">\n\t\t\t\t<div class=\"elementor-element elementor-element-c6b2984 elementor-widget__width-inherit elementor-widget elementor-widget-google_maps\" data-id=\"c6b2984\" data-element_type=\"widget\" data-widget_type=\"google_maps.default\">\n\t\t\t\t\t\t\t<div class=\"elementor-custom-embed\">\n\t\t\t<iframe loading=\"lazy\"\n\t\t\t\t\tsrc=\"https:\/\/maps.google.com\/maps?q=Via%20Francesco%20Manzato%2C%202%2FA%2C%2031100%20Treviso%20TV&#038;t=m&#038;z=15&#038;output=embed&#038;iwloc=near\"\n\t\t\t\t\ttitle=\"Via Francesco Manzato, 2\/A, 31100 Treviso TV\"\n\t\t\t\t\taria-label=\"Via Francesco Manzato, 2\/A, 31100 Treviso TV\"\n\t\t\t><\/iframe>\n\t\t<\/div>\n\t\t\t\t\t\t<\/div>\n\t\t<div class=\"elementor-element elementor-element-8e7a8c2 e-con-full e-flex e-con e-child\" data-id=\"8e7a8c2\" data-element_type=\"container\">\n\t\t<div class=\"elementor-element elementor-element-471c086 e-con-full e-flex e-con e-child\" data-id=\"471c086\" data-element_type=\"container\">\n\t\t\t\t<div class=\"elementor-element elementor-element-867fceb elementor-widget__width-initial elementor-widget elementor-widget-heading\" data-id=\"867fceb\" data-element_type=\"widget\" data-widget_type=\"heading.default\">\n\t\t\t\t\t<h1 class=\"elementor-heading-title elementor-size-default\">Via Francesco Manzato 2a,\nTreviso<\/h1>\t\t\t\t<\/div>\n\t\t\t\t<div class=\"elementor-element elementor-element-e68d1de elementor-widget__width-initial elementor-widget elementor-widget-button\" data-id=\"e68d1de\" data-element_type=\"widget\" data-widget_type=\"button.default\">\n\t\t\t\t\t\t\t\t\t\t<a class=\"elementor-button elementor-button-link elementor-size-sm\" href=\"https:\/\/maps.app.goo.gl\/5wJw9K9wpFsBNMFg7\" target=\"_blank\">\n\t\t\t\t\t\t<span class=\"elementor-button-content-wrapper\">\n\t\t\t\t\t\t\t\t\t<span class=\"elementor-button-text\">Wegbeschreibung auf Karten<\/span>\n\t\t\t\t\t<\/span>\n\t\t\t\t\t<\/a>\n\t\t\t\t\t\t\t\t<\/div>\n\t\t\t\t<\/div>\n\t\t\t\t<\/div>\n\t\t\t\t<\/div>\n\t\t<div class=\"elementor-element elementor-element-8953ad9 e-con-full e-flex e-con e-parent\" data-id=\"8953ad9\" data-element_type=\"container\">\n\t\t\t\t<div class=\"elementor-element elementor-element-e4287fa elementor-widget__width-initial elementor-widget-tablet__width-inherit e-n-tabs-mobile elementor-widget elementor-widget-n-tabs\" data-id=\"e4287fa\" data-element_type=\"widget\" data-settings=\"{&quot;tabs_justify_horizontal&quot;:&quot;start&quot;,&quot;horizontal_scroll&quot;:&quot;disable&quot;}\" data-widget_type=\"nested-tabs.default\">\n\t\t\t\t\t\t\t<div class=\"e-n-tabs\" data-widget-number=\"239241210\" aria-label=\"Tabs. Open items with Enter or Space, close with Escape and navigate using the Arrow keys.\">\n\t\t\t<div class=\"e-n-tabs-heading\" role=\"tablist\">\n\t\t\t\t\t<button id=\"e-n-tab-title-2392412101\" class=\"e-n-tab-title\" aria-selected=\"true\" data-tab-index=\"1\" role=\"tab\" tabindex=\"0\" aria-controls=\"e-n-tab-content-2392412101\" style=\"--n-tabs-title-order: 1;\">\n\t\t\t\t\t\t<span class=\"e-n-tab-title-text\">\n\t\t\t\tMit dem Auto\t\t\t<\/span>\n\t\t<\/button>\n\t\t\t\t<button id=\"e-n-tab-title-2392412102\" class=\"e-n-tab-title\" aria-selected=\"false\" data-tab-index=\"2\" role=\"tab\" tabindex=\"-1\" aria-controls=\"e-n-tab-content-2392412102\" style=\"--n-tabs-title-order: 2;\">\n\t\t\t\t\t\t<span class=\"e-n-tab-title-text\">\n\t\t\t\tVom Bahnhof aus\t\t\t<\/span>\n\t\t<\/button>\n\t\t\t\t<button id=\"e-n-tab-title-2392412103\" class=\"e-n-tab-title\" aria-selected=\"false\" data-tab-index=\"3\" role=\"tab\" tabindex=\"-1\" aria-controls=\"e-n-tab-content-2392412103\" style=\"--n-tabs-title-order: 3;\">\n\t\t\t\t\t\t<span class=\"e-n-tab-title-text\">\n\t\t\t\tVom Flughafen aus\t\t\t<\/span>\n\t\t<\/button>\n\t\t\t\t\t<\/div>\n\t\t\t<div class=\"e-n-tabs-content\">\n\t\t\t\t<div id=\"e-n-tab-content-2392412101\" role=\"tabpanel\" aria-labelledby=\"e-n-tab-title-2392412101\" data-tab-index=\"1\" style=\"--n-tabs-title-order: 1;\" class=\"e-active elementor-element elementor-element-14f3672 e-con-full e-flex e-con e-child\" data-id=\"14f3672\" data-element_type=\"container\" data-settings=\"{&quot;background_background&quot;:&quot;classic&quot;}\">\n\t\t\t\t<div class=\"elementor-element elementor-element-e9703d9 elementor-widget__width-inherit elementor-widget elementor-widget-text-editor\" data-id=\"e9703d9\" data-element_type=\"widget\" data-widget_type=\"text-editor.default\">\n\t\t\t\t\t\t\t\t\t<p><strong>Von der Autobahn A27:<\/strong> Nehmen Sie die Ausfahrt Treviso Sud und folgen Sie der Beschilderung in Richtung Stadtzentrum. Der Palazzo Brando ist nur ein paar Minuten vom Zentrum entfernt. <\/p>\t\t\t\t\t\t\t\t<\/div>\n\t\t\t\t<div class=\"elementor-element elementor-element-5390fea elementor-widget__width-inherit elementor-widget elementor-widget-text-editor\" data-id=\"5390fea\" data-element_type=\"widget\" data-widget_type=\"text-editor.default\">\n\t\t\t\t\t\t\t\t\t<p class=\"p1\"><strong>Parken:<\/strong> Privatparkpl\u00e4tze stehen den G\u00e4sten zur Verf\u00fcgung. Dar\u00fcber hinaus gibt es eine Reihe von kostenlosen oder geb\u00fchrenpflichtigen \u00f6ffentlichen Parkpl\u00e4tzen in der N\u00e4he. <\/p>\t\t\t\t\t\t\t\t<\/div>\n\t\t\t\t<\/div>\n\t\t<div id=\"e-n-tab-content-2392412102\" role=\"tabpanel\" aria-labelledby=\"e-n-tab-title-2392412102\" data-tab-index=\"2\" style=\"--n-tabs-title-order: 2;\" class=\" elementor-element elementor-element-171279c e-con-full e-flex e-con e-child\" data-id=\"171279c\" data-element_type=\"container\" data-settings=\"{&quot;background_background&quot;:&quot;classic&quot;}\">\n\t\t\t\t<div class=\"elementor-element elementor-element-2c7500a elementor-widget elementor-widget-text-editor\" data-id=\"2c7500a\" data-element_type=\"widget\" data-widget_type=\"text-editor.default\">\n\t\t\t\t\t\t\t\t\t<p class=\"p1\">Der Palazzo Brando ist nur 300 Meter vom Bahnhof Treviso entfernt. Verlassen Sie den Bahnhof in Richtung des Ausgangs San Zeno und folgen Sie dem Fu\u00dfg\u00e4ngerweg, der entlang der Via Terraglio verl\u00e4uft. Nach wenigen Metern finden Sie den Palazzo Brando auf der rechten Seite. <\/p>\t\t\t\t\t\t\t\t<\/div>\n\t\t\t\t<\/div>\n\t\t<div id=\"e-n-tab-content-2392412103\" role=\"tabpanel\" aria-labelledby=\"e-n-tab-title-2392412103\" data-tab-index=\"3\" style=\"--n-tabs-title-order: 3;\" class=\" elementor-element elementor-element-176b7a2 e-con-full e-flex e-con e-child\" data-id=\"176b7a2\" data-element_type=\"container\" data-settings=\"{&quot;background_background&quot;:&quot;classic&quot;}\">\n\t\t\t\t<div class=\"elementor-element elementor-element-698cde8 elementor-widget__width-inherit elementor-widget elementor-widget-text-editor\" data-id=\"698cde8\" data-element_type=\"widget\" data-widget_type=\"text-editor.default\">\n\t\t\t\t\t\t\t\t\t<p class=\"p1\"><strong>F\u00fcr diejenigen, die in Treviso ankommen: <\/strong>Der Palazzo Brando ist nur 10 Minuten mit dem Auto oder Taxi vom Flughafen Treviso Antonio Canova entfernt. Alternativ gibt es einen direkten Bus vom Flughafen zum Bahnhof Treviso Centrale, von dort aus m\u00fcssen Sie zu Fu\u00df weitergehen. <\/p>\t\t\t\t\t\t\t\t<\/div>\n\t\t\t\t<div class=\"elementor-element elementor-element-bd8da1a elementor-widget__width-inherit elementor-widget elementor-widget-text-editor\" data-id=\"bd8da1a\" data-element_type=\"widget\" data-widget_type=\"text-editor.default\">\n\t\t\t\t\t\t\t\t\t<p class=\"p2\"><strong>Ankunft in Venedig: <\/strong>Vom internationalen Flughafen Venedig Marco Polo aus erreichen Sie Treviso mit dem Taxi (30 Minuten) oder mit einem Mietauto. Nehmen Sie die Umgehungsstra\u00dfe und dann die Autobahn A27 in Richtung Treviso, nehmen Sie die Ausfahrt &#8218;Treviso Sud&#8216; und folgen Sie der Beschilderung in Richtung Stadtzentrum und Bahnhof. <\/p>\t\t\t\t\t\t\t\t<\/div>\n\t\t\t\t<\/div>\n\t\t\t\t\t<\/div>\n\t\t<\/div>\n\t\t\t\t\t\t<\/div>\n\t\t\t\t<\/div>\n\t\t\t\t<\/div>\n\t\t","protected":false},"excerpt":{"rendered":"<p>Sie erreichen den Palazzo Brando, Ihre Residenz im Herzen von Treviso Treviso und Venetien, ein Gebiet zum Entdecken Der Palazzo Brando befindet sich in einer strategischen Lage, nur wenige Schritte vom Zentrum von Treviso entfernt und ist mit verschiedenen Verkehrsmitteln leicht zu erreichen. Hier finden Sie die detaillierte Wegbeschreibung, um uns schnell und einfach zu [&hellip;]<\/p>\n","protected":false},"author":2,"featured_media":0,"parent":0,"menu_order":0,"comment_status":"closed","ping_status":"closed","template":"","meta":{"_acf_changed":false,"footnotes":""},"class_list":["post-2525","page","type-page","status-publish","hentry"],"acf":[],"_links":{"self":[{"href":"https:\/\/www.palazzobrando.it\/de\/wp-json\/wp\/v2\/pages\/2525","targetHints":{"allow":["GET"]}}],"collection":[{"href":"https:\/\/www.palazzobrando.it\/de\/wp-json\/wp\/v2\/pages"}],"about":[{"href":"https:\/\/www.palazzobrando.it\/de\/wp-json\/wp\/v2\/types\/page"}],"author":[{"embeddable":true,"href":"https:\/\/www.palazzobrando.it\/de\/wp-json\/wp\/v2\/users\/2"}],"replies":[{"embeddable":true,"href":"https:\/\/www.palazzobrando.it\/de\/wp-json\/wp\/v2\/comments?post=2525"}],"version-history":[{"count":2,"href":"https:\/\/www.palazzobrando.it\/de\/wp-json\/wp\/v2\/pages\/2525\/revisions"}],"predecessor-version":[{"id":2802,"href":"https:\/\/www.palazzobrando.it\/de\/wp-json\/wp\/v2\/pages\/2525\/revisions\/2802"}],"wp:attachment":[{"href":"https:\/\/www.palazzobrando.it\/de\/wp-json\/wp\/v2\/media?parent=2525"}],"curies":[{"name":"wp","href":"https:\/\/api.w.org\/{rel}","templated":true}]}}